{"id":151,"date":"2024-09-05T10:24:54","date_gmt":"2024-09-05T10:24:54","guid":{"rendered":"https:\/\/psona.io\/?page_id=151"},"modified":"2024-09-18T14:49:05","modified_gmt":"2024-09-18T14:49:05","slug":"conditions-de-paiement-recurrent","status":"publish","type":"page","link":"https:\/\/persna1.com\/it\/conditions-de-paiement-recurrent\/","title":{"rendered":"Termini di pagamento ricorrenti"},"content":{"rendered":"\n[et_pb_section fb_built=&#8221;1&#8243; custom_padding_last_edited=&#8221;on|tablet&#8221; admin_label=&#8221;Header&#8221; _builder_version=&#8221;4.27.0&#8243; custom_margin=&#8221;0px||0px||true|false&#8221; custom_padding=&#8221;0px||0px||true|false&#8221; custom_padding_tablet=&#8221;||||true|false&#8221; custom_padding_phone=&#8221;||||true|false&#8221; locked=&#8221;off&#8221; global_colors_info=&#8221;{}&#8221;][et_pb_row use_custom_gutter=&#8221;on&#8221; gutter_width=&#8221;1&#8243; custom_padding_last_edited=&#8221;on|phone&#8221; _builder_version=&#8221;4.27.0&#8243; background_color=&#8221;#340234&#8243; background_size=&#8221;initial&#8221; background_position=&#8221;top_left&#8221; background_repeat=&#8221;repeat&#8221; width=&#8221;95%&#8221; custom_margin=&#8221;||||true|false&#8221; custom_padding=&#8221;150px||150px||true|true&#8221; custom_padding_tablet=&#8221;80px||80px||true|false&#8221; custom_padding_phone=&#8221;60px||60px||true|false&#8221; border_radii=&#8221;on|50px|50px|50px|50px&#8221; global_colors_info=&#8221;{}&#8221;][et_pb_column type=&#8221;4_4&#8243; _builder_version=&#8221;4.27.0&#8243; custom_padding=&#8221;|||&#8221; global_colors_info=&#8221;{}&#8221; custom_padding__hover=&#8221;|||&#8221; custom_css_main_element_last_edited=&#8221;on|phone&#8221;][et_pb_text module_class=&#8221;title-header&#8221; _builder_version=&#8221;4.27.0&#8243; background_size=&#8221;initial&#8221; background_position=&#8221;top_left&#8221; background_repeat=&#8221;repeat&#8221; width=&#8221;72%&#8221; width_tablet=&#8221;70%&#8221; width_phone=&#8221;68.5%&#8221; width_last_edited=&#8221;on|tablet&#8221; module_alignment=&#8221;center&#8221; custom_margin=&#8221;0px||0px||false|false&#8221; custom_margin_tablet=&#8221;0px||0px||false|false&#8221; custom_margin_phone=&#8221;0px||0px||false|false&#8221; custom_margin_last_edited=&#8221;on|tablet&#8221; custom_padding=&#8221;0px||0px||true|false&#8221; header_font_size_tablet=&#8221;50px&#8221; header_font_size_phone=&#8221;40px&#8221; global_colors_info=&#8221;{}&#8221;]<h1>Conditions de paiement r\u00e9current<\/h1>\n<p>&nbsp;<\/p>\n<!-- \/divi:paragraph -->[\/et_pb_text][\/et_pb_column][\/et_pb_row][\/et_pb_section][et_pb_section fb_built=&#8221;1&#8243; _builder_version=&#8221;4.27.0&#8243; _module_preset=&#8221;default&#8221; global_colors_info=&#8221;{}&#8221;][et_pb_row _builder_version=&#8221;4.27.0&#8243; _module_preset=&#8221;default&#8221; global_colors_info=&#8221;{}&#8221;][et_pb_column type=&#8221;4_4&#8243; _builder_version=&#8221;4.27.0&#8243; _module_preset=&#8221;default&#8221; global_colors_info=&#8221;{}&#8221;][et_pb_text _builder_version=&#8221;4.27.0&#8243; _module_preset=&#8221;default&#8221; header_2_text_align=&#8221;center&#8221; global_colors_info=&#8221;{}&#8221;]<h2>Termes d&#8217;abonnement<\/h2>\n<p>Entry into force: March 30th, 2023<\/p>\n<p><strong>CLICKBUSTER LTD<\/strong><br \/><strong>63-66 Hatton Garden<\/strong><br \/><strong>London EC1N 8LE<\/strong><br \/><strong>Company number 13014667<\/strong><br \/><strong>VAT number GB 363 9346 71<\/strong><\/p>\n<p>Souscrire aux services de PERSNA1 vous donne acc\u00e8s aux avantages suivants :<\/p>\n<ul>\n<li>Tests illimit\u00e9s<\/li>\n<li>Stockage de tous les r\u00e9sultats de test<\/li>\n<li>Comparaisons entre tests<\/li>\n<li>R\u00e9sultats envoy\u00e9s par email<\/li>\n<\/ul>\n<p>L&#8217;abonnement vous donne acc\u00e8s \u00e0 l&#8217;espace membre pendant 24h \u00e0 un prix promotionnel de 0,5\u20ac TTC. \u00c0 l&#8217;issue de cette p\u00e9riode d&#8217;essai, l&#8217;abonnement mensuel au prix de 47,5\u20ac TTC par mois sera applicable. Le paiement de ce dernier sera automatiquement pr\u00e9lev\u00e9 de votre carte de cr\u00e9dit chaque mois \u00e0 la date anniversaire.<\/p>\n<p>Vous pouvez annuler l&#8217;abonnement \u00e0 tout moment et sans condition directement sur cette page : <a rel=\"noopener\" target=\"_new\" href=\"https:\/\/persna1.com\/se-desabonner\/\">https:\/\/persna1.com\/se-desabonner\/<\/a><\/p>\n<p>Pour annuler votre abonnement, veuillez contacter notre service client par email \u00e0 <a rel=\"noopener\">contact.psona@gmail.com<\/a>, ou via notre formulaire de contact en suivant ce lien : <a rel=\"noopener\" target=\"_new\" href=\"https:\/\/persna1.com\/contact-en\/\">https:\/\/persna1.com\/contact-en\/<\/a><\/p>\n<p>PERSNA1 ne revend pas les informations de ses clients ; les donn\u00e9es personnelles sont utilis\u00e9es uniquement dans le but de communiquer avec les clients et de leur fournir le niveau de service souhait\u00e9.<\/p>\n<p>PERSNA1 utilise des prestataires de paiement conformes aux normes de s\u00e9curit\u00e9 PCI DSS.<\/p>[\/et_pb_text][\/et_pb_column][\/et_pb_row][\/et_pb_section]\n","protected":false},"excerpt":{"rendered":"<p>Conditions de paiement r\u00e9current &nbsp; Termes d&#8217;abonnement Entry into force: March 30th, 2023 CLICKBUSTER LTD63-66 Hatton GardenLondon EC1N 8LECompany number 13014667VAT number GB 363 9346 71 Souscrire aux services de PERSNA1 vous donne acc\u00e8s aux avantages suivants : Tests illimit\u00e9s Stockage de tous les r\u00e9sultats de test Comparaisons entre tests R\u00e9sultats envoy\u00e9s par email L&#8217;abonnement [&hellip;]<\/p>\n","protected":false},"author":1,"featured_media":0,"parent":0,"menu_order":0,"comment_status":"closed","ping_status":"closed","template":"","meta":{"_et_pb_use_builder":"on","_et_pb_old_content":"<!-- wp:divi\/placeholder \/-->","_et_gb_content_width":"","inline_featured_image":false,"footnotes":""},"class_list":["post-151","page","type-page","status-publish","hentry"],"_links":{"self":[{"href":"https:\/\/persna1.com\/it\/wp-json\/wp\/v2\/pages\/151","targetHints":{"allow":["GET"]}}],"collection":[{"href":"https:\/\/persna1.com\/it\/wp-json\/wp\/v2\/pages"}],"about":[{"href":"https:\/\/persna1.com\/it\/wp-json\/wp\/v2\/types\/page"}],"author":[{"embeddable":true,"href":"https:\/\/persna1.com\/it\/wp-json\/wp\/v2\/users\/1"}],"replies":[{"embeddable":true,"href":"https:\/\/persna1.com\/it\/wp-json\/wp\/v2\/comments?post=151"}],"version-history":[{"count":5,"href":"https:\/\/persna1.com\/it\/wp-json\/wp\/v2\/pages\/151\/revisions"}],"predecessor-version":[{"id":715,"href":"https:\/\/persna1.com\/it\/wp-json\/wp\/v2\/pages\/151\/revisions\/715"}],"wp:attachment":[{"href":"https:\/\/persna1.com\/it\/wp-json\/wp\/v2\/media?parent=151"}],"curies":[{"name":"wp","href":"https:\/\/api.w.org\/{rel}","templated":true}]}}