{"id":149,"date":"2024-09-05T10:24:38","date_gmt":"2024-09-05T10:24:38","guid":{"rendered":"https:\/\/psona.io\/?page_id=149"},"modified":"2024-10-03T08:06:18","modified_gmt":"2024-10-03T08:06:18","slug":"mentions-legales","status":"publish","type":"page","link":"https:\/\/persna1.com\/da\/mentions-legales\/","title":{"rendered":"Juridisk information"},"content":{"rendered":"<p>[et_pb_section fb_built=&#8221;1&#8243; custom_padding_last_edited=&#8221;on|tablet&#8221; admin_label=&#8221;Header&#8221; _builder_version=&#8221;4.27.0&#8243; custom_margin=&#8221;0px||0px||true|false&#8221; custom_padding=&#8221;0px||0px||true|false&#8221; custom_padding_tablet=&#8221;||||true|false&#8221; custom_padding_phone=&#8221;||||true|false&#8221; locked=&#8221;off&#8221; global_colors_info=&#8221;{}&#8221;][et_pb_row use_custom_gutter=&#8221;on&#8221; gutter_width=&#8221;1&#8243; custom_padding_last_edited=&#8221;on|phone&#8221; _builder_version=&#8221;4.27.0&#8243; width=&#8221;100%&#8221; custom_margin=&#8221;||||true|false&#8221; custom_padding=&#8221;150px||150px||true|true&#8221; custom_padding_tablet=&#8221;80px||80px||true|false&#8221; custom_padding_phone=&#8221;60px||60px||true|false&#8221; global_colors_info=&#8221;{}&#8221; background_color=&#8221;#340234&#8243; background_size=&#8221;initial&#8221; background_position=&#8221;top_left&#8221; background_repeat=&#8221;repeat&#8221;][et_pb_column type=&#8221;4_4&#8243; _builder_version=&#8221;4.27.0&#8243; custom_padding=&#8221;|||&#8221; global_colors_info=&#8221;{}&#8221; custom_padding__hover=&#8221;|||&#8221; custom_css_main_element_last_edited=&#8221;on|phone&#8221;][et_pb_text module_class=&#8221;title-header&#8221; _builder_version=&#8221;4.27.0&#8243; background_size=&#8221;initial&#8221; background_position=&#8221;top_left&#8221; background_repeat=&#8221;repeat&#8221; width=&#8221;72%&#8221; width_tablet=&#8221;70%&#8221; width_phone=&#8221;68.5%&#8221; width_last_edited=&#8221;on|tablet&#8221; module_alignment=&#8221;center&#8221; custom_margin=&#8221;0px||0px||false|false&#8221; custom_margin_tablet=&#8221;0px||0px||false|false&#8221; custom_margin_phone=&#8221;0px||0px||false|false&#8221; custom_margin_last_edited=&#8221;on|tablet&#8221; custom_padding=&#8221;0px||0px||true|false&#8221; header_font_size_tablet=&#8221;50px&#8221; header_font_size_phone=&#8221;40px&#8221; global_colors_info=&#8221;{}&#8221;]<\/p>\n<h1>Mentions l\u00e9gales<\/h1>\n<p><!-- \/divi:paragraph --><\/p>\n<p>[\/et_pb_text][\/et_pb_column][\/et_pb_row][\/et_pb_section][et_pb_section fb_built=&#8221;1&#8243; _builder_version=&#8221;4.27.0&#8243; _module_preset=&#8221;default&#8221; global_colors_info=&#8221;{}&#8221;][et_pb_row _builder_version=&#8221;4.27.0&#8243; _module_preset=&#8221;default&#8221; global_colors_info=&#8221;{}&#8221;][et_pb_column type=&#8221;4_4&#8243; _builder_version=&#8221;4.27.0&#8243; _module_preset=&#8221;default&#8221; global_colors_info=&#8221;{}&#8221;][et_pb_text _builder_version=&#8221;4.27.0&#8243; _module_preset=&#8221;default&#8221; header_2_text_align=&#8221;center&#8221; global_colors_info=&#8221;{}&#8221;]<\/p>\n<h2>Preamble<\/h2>\n<p>Entry into force: March 30th, 2023<\/p>\n<p><strong>CLICKBUSTER LTD<\/strong><br \/><strong>63-66 Hatton Garden<\/strong><br \/><strong>London EC1N 8LE<\/strong><br \/><strong>Company number 13014667<\/strong><br \/><strong>VAT number GB 363 9346 71<\/strong><\/p>\n<p>La navigation continue sur notre Site <a rel=\"noopener\" target=\"_new\" href=\"https:\/\/persna1.com\/\">https:\/\/persna1.com\/<\/a> (ci-apr\u00e8s le \u00ab Site \u00bb) implique que les visiteurs du Site (ci-apr\u00e8s l&#8217;\u00ab Utilisateur(s) \u00bb) acceptent sans r\u00e9serve les dispositions et Conditions G\u00e9n\u00e9rales d&#8217;Utilisation qui suivent (ci-apr\u00e8s les \u00ab CGU \u00bb). Avant toute utilisation des fonctionnalit\u00e9s de notre Site, l&#8217;Utilisateur reconna\u00eet avoir pris connaissance de ces Conditions G\u00e9n\u00e9rales et les avoir accept\u00e9es.<\/p>\n<p>La version en ligne actuelle de nos CGU est la seule opposable pendant la dur\u00e9e d&#8217;utilisation du Site et ce, jusqu&#8217;\u00e0 ce que nous la remplacions par une nouvelle version.<\/p>\n<p>Le Site est g\u00e9r\u00e9 par CLICKBUSTER LTD (ci-apr\u00e8s le \u00ab Vendeur \u00bb), qui se r\u00e9serve le droit de modifier ces conditions \u00e0 tout moment. Toute utilisation de notre Site apr\u00e8s modification des CGU implique une acceptation irr\u00e9vocable par l&#8217;Utilisateur de la nouvelle version. En cas de d\u00e9saccord avec nos CGU, l&#8217;Utilisateur est invit\u00e9 \u00e0 ne plus utiliser notre Site.<\/p>\n<p>[\/et_pb_text][et_pb_text _builder_version=&#8221;4.27.0&#8243; _module_preset=&#8221;default&#8221; header_2_text_align=&#8221;center&#8221; global_colors_info=&#8221;{}&#8221;]<\/p>\n<h2>ARTICLE 1 &#8211; DEFINITIONS<\/h2>\n<p>Sur notre Site, les Termes ci-dessous ont la signification suivante :<\/p>\n<p>\u00ab Contenu \u00bb : d\u00e9signe l&#8217;ensemble des \u00e9l\u00e9ments constituant l&#8217;information pr\u00e9sente sur notre Site (textes, images, vid\u00e9os, algorithmes, logiciels, widgets, etc.) et permettant son fonctionnement, l&#8217;information de l&#8217;Utilisateur et la pr\u00e9sentation de nos services ;<\/p>\n<p>\u00ab Droits de propri\u00e9t\u00e9 intellectuelle \u00bb : d\u00e9signe tous les droits de propri\u00e9t\u00e9 intellectuelle et droits connexes (droits d&#8217;auteur, droits des marques, droits de brevet, noms commerciaux, bases de donn\u00e9es, etc.) tels que prot\u00e9g\u00e9s par la Loi sur le droit d&#8217;auteur et les droits connexes de 2000, applicable au moment de la consultation du Site par l&#8217;Utilisateur ;<\/p>\n<p>\u00ab Fonctionnalit\u00e9s \u00bb : d\u00e9signe l&#8217;ensemble des fonctionnalit\u00e9s mises \u00e0 disposition de nos Utilisateurs via notre Site ;<\/p>\n<p>\u00ab Site \u00bb : d\u00e9signe le Site <a rel=\"noopener\" target=\"_new\" href=\"https:\/\/persna1.com\/\">https:\/\/persna1.com\/<\/a> exploit\u00e9 par le Vendeur et mis \u00e0 disposition des Utilisateurs ;<\/p>\n<p>\u00ab Utilisateur \u00bb : d\u00e9signe toute personne utilisant notre Site et ayant acc\u00e8s \u00e0 son contenu.<\/p>\n<p>[\/et_pb_text][et_pb_text _builder_version=&#8221;4.27.0&#8243; _module_preset=&#8221;default&#8221; header_2_text_align=&#8221;center&#8221; global_colors_info=&#8221;{}&#8221;]<\/p>\n<h2>ARTICLE 2 &#8211; Mentions l\u00e9gales<\/h2>\n<p>En application du R\u00e8glement [UE] 2018\/679 du Parlement europ\u00e9en et du Conseil du 27 avril 2016 relatif \u00e0 la protection des personnes physiques \u00e0 l&#8217;\u00e9gard du traitement des donn\u00e9es \u00e0 caract\u00e8re personnel et \u00e0 la libre circulation de ces donn\u00e9es, il est pr\u00e9cis\u00e9 \u00e0 l&#8217;Utilisateur de notre Site, l&#8217;identit\u00e9 des intervenants dans le cadre de sa r\u00e9alisation et de son suivi :<\/p>\n<p>Responsable \u00e9ditorial : Carlo Ela <a rel=\"noopener\">contact.psona@gmail.com<\/a> .<\/p>\n<p>H\u00e9bergeur : Scaleway, 8 rue de la Ville l\u2019\u00c9v\u00eaque, 75008 Paris ; <a rel=\"noopener\" target=\"_new\" href=\"https:\/\/www.scaleway.com\/\">https:\/\/www.scaleway.com\/<\/a><\/p>\n<p>D\u00e9veloppeur : CLICKBUSTER LTD<\/p>\n<p>D\u00e9l\u00e9gu\u00e9 \u00e0 la protection des donn\u00e9es : Carlo Ela <a rel=\"noopener\">contact.psona@gmail.com<\/a>.<\/p>\n<p>[\/et_pb_text][et_pb_text _builder_version=&#8221;4.27.0&#8243; _module_preset=&#8221;default&#8221; header_2_text_align=&#8221;center&#8221; global_colors_info=&#8221;{}&#8221;]<\/p>\n<h2>ARTICLE 3 &#8211; Protection des donn\u00e9es personnelles<\/h2>\n<p>Pour l&#8217;utilisation de notre Site, nous proc\u00e9derons au traitement de certaines donn\u00e9es personnelles concernant l&#8217;Utilisateur. Ce traitement est effectu\u00e9 en conformit\u00e9 avec la Data Protection Act 2018 et la Politique de Protection des Donn\u00e9es disponible au lien suivant :<\/p>\n<p><a rel=\"noopener\" target=\"_new\" href=\"https:\/\/persna1.com\/privacy-police\/\">https:\/\/persna1.com\/privacy-police\/<\/a><\/p>\n<p>[\/et_pb_text][et_pb_text _builder_version=&#8221;4.27.0&#8243; _module_preset=&#8221;default&#8221; header_2_text_align=&#8221;center&#8221; global_colors_info=&#8221;{}&#8221;]<\/p>\n<h2>ARTICLE 4 &#8211; Acc\u00e8s au site<\/h2>\n<div class=\"group\/conversation-turn relative flex w-full min-w-0 flex-col agent-turn\">\n<div class=\"flex-col gap-1 md:gap-3\">\n<div class=\"flex max-w-full flex-col flex-grow\">\n<div data-message-author-role=\"assistant\" data-message-id=\"1921b6bd-7e01-40ec-81aa-bce2a7802030\" dir=\"auto\" class=\"min-h-[20px] text-message flex w-full flex-col items-end gap-2 whitespace-normal break-words [.text-message+&amp;]:mt-5\">\n<div class=\"flex w-full flex-col gap-1 empty:hidden first:pt-[3px]\">\n<div class=\"markdown prose w-full break-words dark:prose-invert dark\">\n<p>L&#8217;acc\u00e8s au Site et son utilisation sont r\u00e9serv\u00e9s \u00e0 un usage strictement personnel. L&#8217;Utilisateur s&#8217;engage \u00e0 ne pas utiliser le Site, ainsi que les informations ou donn\u00e9es qui y sont contenues, \u00e0 des fins commerciales, politiques, publicitaires et pour toute forme de sollicitation commerciale, en particulier l&#8217;envoi de courriers \u00e9lectroniques non sollicit\u00e9s.<\/p>\n<p>L&#8217;acc\u00e8s au Site est r\u00e9serv\u00e9 aux adultes. Le Vendeur se r\u00e9serve le droit de demander toute preuve de votre \u00e2ge, notamment si vous utilisez les services de commande en ligne. Le Vendeur ne peut \u00eatre tenu responsable en cas d&#8217;acc\u00e8s au Site par des mineurs, ni en cas d&#8217;informations erron\u00e9es ou trompeuses fournies par les Utilisateurs sur le Site.<\/p>\n<p>Les Utilisateurs sont personnellement responsables de la mise en place des ressources informatiques et t\u00e9l\u00e9communications permettant l&#8217;acc\u00e8s au Site. Ils supportent les co\u00fbts de t\u00e9l\u00e9communications li\u00e9s \u00e0 l&#8217;acc\u00e8s \u00e0 internet via le Site.<\/p>\n<\/div>\n<\/div>\n<\/div>\n<\/div>\n<\/div>\n<\/div>\n<p>[\/et_pb_text][et_pb_text _builder_version=&#8221;4.27.0&#8243; _module_preset=&#8221;default&#8221; header_2_text_align=&#8221;center&#8221; global_colors_info=&#8221;{}&#8221;]<\/p>\n<h2>ARTICLE 5 &#8211; Description des services fournis<\/h2>\n<p>Nous nous effor\u00e7ons de fournir des informations aussi pr\u00e9cises que possible, mais nous ne sommes pas responsables des omissions, inexactitudes ou carences dans la mise \u00e0 jour des informations. Toutes les informations fournies sur le Site sont donn\u00e9es \u00e0 titre informatif et ne sont pas exhaustives. Elles sont fournies sous r\u00e9serve de modifications intervenues depuis leur mise en ligne.<\/p>\n<p>[\/et_pb_text][et_pb_text _builder_version=&#8221;4.27.0&#8243; _module_preset=&#8221;default&#8221; header_2_text_align=&#8221;center&#8221; global_colors_info=&#8221;{}&#8221;]<\/p>\n<h2>ARTICLE 6 &#8211; Propri\u00e9t\u00e9 intellectuelle<\/h2>\n<p><strong>6.1 Notre Site<\/strong><\/p>\n<p>Toutes les marques, photographies, textes, commentaires, illustrations, images anim\u00e9es ou fixes, s\u00e9quences vid\u00e9o, sons, ainsi que toutes les applications informatiques qui pourraient \u00eatre utilis\u00e9es pour faire fonctionner le Site et, plus g\u00e9n\u00e9ralement, tous les \u00e9l\u00e9ments reproduits ou utilis\u00e9s sur le Site, sont prot\u00e9g\u00e9s par les lois en vigueur relatives \u00e0 la propri\u00e9t\u00e9 intellectuelle.<\/p>\n<p>Ils sont la propri\u00e9t\u00e9 pleine et enti\u00e8re du Vendeur ou de ses partenaires commerciaux. Toute reproduction, repr\u00e9sentation, utilisation ou adaptation, sous quelque forme que ce soit, de tout ou partie de ces \u00e9l\u00e9ments, y compris des applications informatiques, sans le consentement pr\u00e9alable \u00e9crit de l&#8217;\u00e9diteur, est strictement interdite. Le fait que l&#8217;\u00e9diteur n&#8217;engage pas de poursuites d\u00e8s qu&#8217;il a connaissance de ces utilisations non autoris\u00e9es par l&#8217;Utilisateur ne constitue pas une acceptation de ces usages ni une renonciation \u00e0 engager des poursuites. Il est strictement interdit \u00e0 l&#8217;Utilisateur de :<\/p>\n<p>\u2013 Copier, reproduire, repr\u00e9senter, diffuser, distribuer, publier, de mani\u00e8re permanente ou temporaire, tout ou partie du contenu et\/ou du Site par quelque moyen que ce soit ; \u2013 Cr\u00e9er des \u0153uvres d\u00e9riv\u00e9es \u00e0 partir du Contenu et\/ou du Site ; \u2013 Modifier, traduire, adapter, arranger tout ou partie du Contenu et\/ou du Site ; \u2013 D\u00e9sassembler, d\u00e9compiler, ou r\u00e9aliser de l&#8217;ing\u00e9nierie inverse sur le Site.<\/p>\n<p>En tout \u00e9tat de cause, l&#8217;Utilisateur est seul responsable de l&#8217;utilisation qu&#8217;il fait du Site. Toute utilisation non autoris\u00e9e du Site ou de l\u2019un des \u00e9l\u00e9ments qu\u2019il contient sera consid\u00e9r\u00e9e comme constitutive d\u2019une violation de la Data Protection Act de 2000.<\/p>\n<p><strong>6.2 Notre marque<\/strong><\/p>\n<p>Les marques verbales et visuelles (logo) du Vendeur ainsi que de CLICKBUSTER LTD sont prot\u00e9g\u00e9es. Leur utilisation sans l&#8217;autorisation \u00e9crite du Vendeur ou de ses partenaires, sur quelque support que ce soit, \u00e0 des fins de promotion de produits ou services, ou \u00e0 des fins commerciales, est interdite sous peine de poursuites p\u00e9nales et civiles engag\u00e9es par le Vendeur \u00e0 l&#8217;encontre de l&#8217;Utilisateur et\/ou des tiers responsables.<\/p>\n<p><strong>6.3 Contenus<\/strong><\/p>\n<p>Les contenus sont librement accessibles sur le Site. Leur mise en ligne ne conf\u00e8re aucun transfert de droits d&#8217;auteur ni de propri\u00e9t\u00e9 du contenu, qui reste la propri\u00e9t\u00e9 pleine et enti\u00e8re du Vendeur et des contributeurs.<\/p>\n<p>Aucun Utilisateur ne peut, ni ne doit, prendre de mesure(s) contraire(s) au respect des droits d&#8217;auteur et de la propri\u00e9t\u00e9 intellectuelle, ou contraire(s) \u00e0 toute autre loi du Royaume-Uni ou internationale relative aux droits de propri\u00e9t\u00e9 intellectuelle. Le Vendeur et ses contributeurs se r\u00e9servent le droit de poursuivre tout Utilisateur pour toute violation des pr\u00e9sentes CGU.<\/p>\n<p>[\/et_pb_text][et_pb_text _builder_version=&#8221;4.27.0&#8243; _module_preset=&#8221;default&#8221; header_2_text_align=&#8221;center&#8221; global_colors_info=&#8221;{}&#8221;]<\/p>\n<h2>ARTICLE 7 &#8211; Gestion du site<\/h2>\n<p>Notre Site est normalement accessible aux Utilisateurs \u00e0 tout moment. Pour assurer la bonne gestion du Site, le Vendeur se r\u00e9serve \u00e0 tout moment le droit de :<\/p>\n<p>\u2013 Suspendre, interrompre ou limiter l&#8217;acc\u00e8s \u00e0 tout ou partie du Site, pour quelque raison que ce soit, avec ou sans pr\u00e9avis et \u00e0 sa seule discr\u00e9tion ; \u2013 Supprimer toute information pouvant perturber son fonctionnement, pour quelque raison que ce soit, avec ou sans pr\u00e9avis et \u00e0 sa propre discr\u00e9tion ; \u2013 Suspendre le Site afin de proc\u00e9der \u00e0 des mises \u00e0 jour.<\/p>\n<p>Le Vendeur fera de son mieux pour communiquer aux Utilisateurs les dates et heures des interventions \u00e0 l&#8217;avance, mais sa responsabilit\u00e9 ne saurait \u00eatre engag\u00e9e en cas de non-communication pr\u00e9alable.<\/p>\n<p>[\/et_pb_text][et_pb_text _builder_version=&#8221;4.27.0&#8243; _module_preset=&#8221;default&#8221; header_2_text_align=&#8221;center&#8221; global_colors_info=&#8221;{}&#8221;]<\/p>\n<h2>ARTICLE 8 &#8211; Responsabilit\u00e9s<\/h2>\n<p><strong>8.1 Acc\u00e8s au Site<\/strong><\/p>\n<p>Le Vendeur s&#8217;engage \u00e0 faire tout son possible pour que le Site soit accessible 24 heures sur 24, 7 jours sur 7. Cependant, le Vendeur ne prend aucun engagement quant \u00e0 la disponibilit\u00e9 permanente et \u00e0 l&#8217;accessibilit\u00e9 du Site et ne garantit pas que le Site soit exempt d&#8217;erreurs. La responsabilit\u00e9 du Vendeur ne peut \u00eatre engag\u00e9e en cas de panne, dysfonctionnement, difficult\u00e9 ou interruption de fonctionnement, emp\u00eachant l&#8217;acc\u00e8s au Site ou \u00e0 l&#8217;une de ses fonctionnalit\u00e9s.<\/p>\n<p>Le Vendeur et l&#8217;h\u00e9bergeur ne peuvent \u00eatre tenus responsables en cas de dysfonctionnement du r\u00e9seau internet, des lignes t\u00e9l\u00e9phoniques ou du mat\u00e9riel informatique et t\u00e9l\u00e9phonique, notamment d\u00fb \u00e0 une congestion du r\u00e9seau, emp\u00eachant l&#8217;acc\u00e8s au serveur.<\/p>\n<p>Le Vendeur ne peut \u00eatre tenu responsable en cas de poursuites judiciaires \u00e0 l&#8217;encontre des Utilisateurs :<\/p>\n<p>\u2013 En raison de l&#8217;utilisation du Site ou de tout autre service accessible via internet ; \u2013 En raison du non-respect par l&#8217;Utilisateur des pr\u00e9sentes CGU.<\/p>\n<p><strong>8.2 \u00c9quipement utilis\u00e9<\/strong><\/p>\n<p>Le mat\u00e9riel de connexion utilis\u00e9 par l&#8217;Utilisateur pour acc\u00e9der au Site est sous sa responsabilit\u00e9 pleine et enti\u00e8re. Il lui incombe de prendre toutes les mesures appropri\u00e9es pour prot\u00e9ger son mat\u00e9riel et ses propres donn\u00e9es. L&#8217;Utilisateur s&#8217;engage \u00e0 acc\u00e9der au Site en utilisant un mat\u00e9riel r\u00e9cent, ne contenant pas de virus, et avec un navigateur r\u00e9cemment mis \u00e0 jour.<\/p>\n<p>Le Vendeur n&#8217;est pas responsable des dommages caus\u00e9s aux Utilisateurs, \u00e0 des tiers et\/ou \u00e0 leur \u00e9quipement du fait de leur connexion ou de l&#8217;utilisation du Site, et les Utilisateurs renoncent \u00e0 toute action \u00e0 ce titre contre le Vendeur.<\/p>\n<p>Le Vendeur ne peut \u00e9galement \u00eatre tenu responsable des dommages indirects (tels que la perte de march\u00e9 ou de chance) r\u00e9sultant de l&#8217;utilisation du Site.<\/p>\n<p>[\/et_pb_text][et_pb_text _builder_version=&#8221;4.27.0&#8243; _module_preset=&#8221;default&#8221; header_2_text_align=&#8221;center&#8221; global_colors_info=&#8221;{}&#8221;]<\/p>\n<h2>ARTICLE 9 &#8211; PHOTOGRAPHIES ET REPR\u00c9SENTATION DES PRODUITS ET SERVICES<\/h2>\n<p>Les photographies pr\u00e9sentes sur le Site, accompagnant leur description, ne sont pas contractuelles et n&#8217;engagent pas le Vendeur.<\/p>\n<p>[\/et_pb_text][et_pb_text _builder_version=&#8221;4.27.0&#8243; _module_preset=&#8221;default&#8221; header_2_text_align=&#8221;center&#8221; global_colors_info=&#8221;{}&#8221;]<\/p>\n<h2>ARTICLE 10 &#8211; Liens hypertext<\/h2>\n<p>L&#8217;\u00e9tablissement par l&#8217;Utilisateur de tout lien hypertexte vers tout ou partie du Site est autoris\u00e9, sous r\u00e9serve de l&#8217;autorisation \u00e9crite pr\u00e9alable de CLICKBUSTER LTD, \u00e0 demander par email \u00e0 l&#8217;adresse suivante : <a rel=\"noopener\">contact.psona@gmail.com<\/a>.<\/p>\n<p>Le Vendeur est libre de refuser cette autorisation sans avoir \u00e0 justifier sa d\u00e9cision de quelque mani\u00e8re que ce soit. Dans le cas o\u00f9 le Vendeur accorderait son autorisation, celle-ci est en tout \u00e9tat de cause temporaire et peut \u00eatre retir\u00e9e \u00e0 tout moment, sans obligation de justification. En tout \u00e9tat de cause, tout lien devra \u00eatre supprim\u00e9 \u00e0 la demande de la marque.<\/p>\n<p>Le Site contient un certain nombre de liens hypertextes vers d&#8217;autres sites, mis en place avec l&#8217;autorisation du Vendeur. Cependant, notre soci\u00e9t\u00e9 n&#8217;a pas la possibilit\u00e9 de v\u00e9rifier le contenu des sites ainsi visit\u00e9s et n&#8217;assumera donc aucune responsabilit\u00e9 \u00e0 cet \u00e9gard.<\/p>\n<p>[\/et_pb_text][et_pb_text _builder_version=&#8221;4.27.0&#8243; _module_preset=&#8221;default&#8221; header_2_text_align=&#8221;center&#8221; global_colors_info=&#8221;{}&#8221;]<\/p>\n<h2>ARTICLE 11 &#8211; Non validit\u00e9 partiel<\/h2>\n<p>La non-application temporaire d&#8217;une ou plusieurs clauses des pr\u00e9sentes conditions g\u00e9n\u00e9rales ne peut en aucun cas \u00eatre interpr\u00e9t\u00e9e comme une renonciation de la part de CLICKBUSTER LTD \u00e0 se pr\u00e9valoir de l&#8217;une quelconque desdites clauses.<\/p>\n<p>Si une ou plusieurs dispositions des pr\u00e9sentes venaient \u00e0 \u00eatre d\u00e9clar\u00e9es nulles ou inapplicables par la loi, un r\u00e8glement ou \u00e0 la suite d&#8217;une d\u00e9cision de justice devenue d\u00e9finitive, les autres dispositions conserveraient toute leur force et leur port\u00e9e et continueraient \u00e0 s&#8217;appliquer pleinement.<\/p>\n<p>[\/et_pb_text][et_pb_text _builder_version=&#8221;4.27.0&#8243; _module_preset=&#8221;default&#8221; header_2_text_align=&#8221;center&#8221; global_colors_info=&#8221;{}&#8221;]<\/p>\n<h2>ARTICLE 12 &#8211; Langage<\/h2>\n<p>En cas de traduction des pr\u00e9sentes CGU dans une ou plusieurs langues, la langue d&#8217;interpr\u00e9tation sera la langue anglaise.<\/p>\n<p>[\/et_pb_text][et_pb_text _builder_version=&#8221;4.27.0&#8243; _module_preset=&#8221;default&#8221; header_2_text_align=&#8221;center&#8221; custom_css_free_form=&#8221;selector table, selector td, selector tr, selector th {||  border:1px solid;||  border-color:#340234 !important;||}&#8221; global_colors_info=&#8221;{}&#8221;]<\/p>\n<h2>ARTICLE 13 &#8211; Loi applicable<\/h2>\n<p>Les pr\u00e9sentes CGU du Site sont r\u00e9gies par le droit britannique et sont, en cas de litige, soumises \u00e0 la comp\u00e9tence exclusive des tribunaux de droit commun, sous r\u00e9serve d&#8217;une attribution de comp\u00e9tence sp\u00e9cifique d\u00e9coulant d&#8217;un texte de loi ou d&#8217;un r\u00e8glement particulier.<\/p>\n<p>[\/et_pb_text][et_pb_text _builder_version=&#8221;4.27.0&#8243; _module_preset=&#8221;default&#8221; header_2_text_align=&#8221;center&#8221; custom_css_free_form=&#8221;selector table, selector td, selector tr, selector th {||  border:1px solid;||  border-color:#340234 !important;||}&#8221; global_colors_info=&#8221;{}&#8221;]<\/p>\n<h2>ARTICLE 14 &#8211; Contactez-nous<\/h2>\n<p>Pour toute question, information concernant les Services pr\u00e9sent\u00e9s sur le Site ou relative au Site lui-m\u00eame, l&#8217;Utilisateur peut laisser un message \u00e0 l&#8217;adresse suivante : contact.psona@gmail.com.<\/p>\n<p>[\/et_pb_text][\/et_pb_column][\/et_pb_row][\/et_pb_section]<\/p>\n","protected":false},"excerpt":{"rendered":"<p>Mentions l\u00e9gales Preamble Entry into force: March 30th, 2023 CLICKBUSTER LTD63-66 Hatton GardenLondon EC1N 8LECompany number 13014667VAT number GB 363 9346 71 La navigation continue sur notre Site https:\/\/persna1.com\/ (ci-apr\u00e8s le \u00ab Site \u00bb) implique que les visiteurs du Site (ci-apr\u00e8s l&#8217;\u00ab Utilisateur(s) \u00bb) acceptent sans r\u00e9serve les dispositions et Conditions G\u00e9n\u00e9rales d&#8217;Utilisation qui suivent [&hellip;]<\/p>\n","protected":false},"author":1,"featured_media":0,"parent":0,"menu_order":0,"comment_status":"closed","ping_status":"closed","template":"","meta":{"_et_pb_use_builder":"on","_et_pb_old_content":"<!-- wp:divi\/placeholder \/-->","_et_gb_content_width":"","inline_featured_image":false,"footnotes":""},"class_list":["post-149","page","type-page","status-publish","hentry"],"_links":{"self":[{"href":"https:\/\/persna1.com\/da\/wp-json\/wp\/v2\/pages\/149","targetHints":{"allow":["GET"]}}],"collection":[{"href":"https:\/\/persna1.com\/da\/wp-json\/wp\/v2\/pages"}],"about":[{"href":"https:\/\/persna1.com\/da\/wp-json\/wp\/v2\/types\/page"}],"author":[{"embeddable":true,"href":"https:\/\/persna1.com\/da\/wp-json\/wp\/v2\/users\/1"}],"replies":[{"embeddable":true,"href":"https:\/\/persna1.com\/da\/wp-json\/wp\/v2\/comments?post=149"}],"version-history":[{"count":6,"href":"https:\/\/persna1.com\/da\/wp-json\/wp\/v2\/pages\/149\/revisions"}],"predecessor-version":[{"id":878,"href":"https:\/\/persna1.com\/da\/wp-json\/wp\/v2\/pages\/149\/revisions\/878"}],"wp:attachment":[{"href":"https:\/\/persna1.com\/da\/wp-json\/wp\/v2\/media?parent=149"}],"curies":[{"name":"wp","href":"https:\/\/api.w.org\/{rel}","templated":true}]}}